{"id":90,"date":"2012-03-19T11:10:27","date_gmt":"2012-03-19T10:10:27","guid":{"rendered":"http:\/\/cepal.lu\/WordPress3\/?page_id=90"},"modified":"2026-03-25T12:13:32","modified_gmt":"2026-03-25T11:13:32","slug":"de-letzeburger-bauer","status":"publish","type":"page","link":"https:\/\/centralepaysanne.lu\/WordPress3\/?page_id=90","title":{"rendered":"L\u00cbTZEBUERGER BAUER"},"content":{"rendered":"<div style=\"text-align: center;\">\n<div>&nbsp;<\/div>\n<div style=\"text-align: left;\"><strong><br>L\u00cbTZEBUERGER BAUER &#x1f33e; die bekannte Wochenzeitung<\/strong><strong> mit<\/strong><\/div>\n<div style=\"text-align: left;\">\n<ul>\n<li>agrar- und berufspolitischen Informationen<\/li>\n<li>Kommentaren und Stellungnahmen<\/li>\n<li>Gastbeitr\u00e4ge bekannter Politiker und Experten<\/li>\n<li>Fachartikeln von Landwirtschaftskammer, LIST u.v.a.m.<\/li>\n<li>Technik, Pferde, Weinbau, &#8230;<\/li>\n<li>aber auch &#8230; Kreuzwortr\u00e4tsel, Sudoku und Comic-Strip<\/li>\n<\/ul>\n<p data-start=\"81\" data-end=\"555\">Der \u00ab L\u00ebtzebuerger Bauer \u00bb ist eine Wochenzeitung (Erscheinungstag: Freitag), die seit \u00fcber 80 Jahren fest in der luxemburgischen Medienlandschaft verankert ist und von Agro-Media herausgegeben wird. Sie legt ihren Schwerpunkt auf Landwirtschaft, Gartenbau und Weinbau sowie auf das l\u00e4ndliche Leben im Allgemeinen. <br>Laut der letzten TNS-Ilres-Studie (2021) erreicht der \u00ab L\u00ebtzebuerger Bauer \u00bb durchschnittlich 16.200 Leserinnen und Leser (ab 15 Jahren) pro Woche bei einer Auflage von 3.850 Exemplaren.<\/p>\n<p data-start=\"557\" data-end=\"899\">Diese Ergebnisse best\u00e4tigen die Position des \u00ab L\u00ebtzebuerger Bauer \u00bb als f\u00fchrendes Fachmedium und Referenz im Bereich der spezialisierten Berichterstattung. Die Zeitung bietet eine gezielte, treue und besonders relevante Leserschaft f\u00fcr amtliche Mitteilungen und Informationen, die sich an das l\u00e4ndliche und landwirtschaftliche Umfeld richten.<\/p>\n<p data-start=\"901\" data-end=\"1016\">Der \u00ab L\u00ebtzebuerger Bauer \u00bb ist politisch unabh\u00e4ngig und erh\u00e4lt keine Pressef\u00f6rderung des luxemburgischen Staates.<\/p>\n<p><img loading=\"lazy\" decoding=\"async\" class=\"aligncenter wp-image-9467 size-full\" src=\"https:\/\/centralepaysanne.lu\/WordPress3\/wp-content\/uploads\/2025\/09\/01_BAUER_0912-scaled.png\" alt=\"\" width=\"1716\" height=\"2560\" srcset=\"https:\/\/centralepaysanne.lu\/WordPress3\/wp-content\/uploads\/2025\/09\/01_BAUER_0912-scaled.png 1716w, https:\/\/centralepaysanne.lu\/WordPress3\/wp-content\/uploads\/2025\/09\/01_BAUER_0912-201x300.png 201w, https:\/\/centralepaysanne.lu\/WordPress3\/wp-content\/uploads\/2025\/09\/01_BAUER_0912-686x1024.png 686w, https:\/\/centralepaysanne.lu\/WordPress3\/wp-content\/uploads\/2025\/09\/01_BAUER_0912-768x1146.png 768w, https:\/\/centralepaysanne.lu\/WordPress3\/wp-content\/uploads\/2025\/09\/01_BAUER_0912-1029x1536.png 1029w, https:\/\/centralepaysanne.lu\/WordPress3\/wp-content\/uploads\/2025\/09\/01_BAUER_0912-1373x2048.png 1373w, https:\/\/centralepaysanne.lu\/WordPress3\/wp-content\/uploads\/2025\/09\/01_BAUER_0912-322x480.png 322w\" sizes=\"auto, (max-width: 1716px) 100vw, 1716px\" \/><\/p>\n<\/div>\n<\/div>\n<p>E-Mail der Redaktion: <a href=\"mailto:redaktion@agromedia.lu\">redaktion@agromedia.lu<\/a><\/p>\n\n\n<h2 class=\"wp-block-heading\">A<strong>nzeigentarife \u201eL\u00ebtzebuerger Bauer\u201c 2026<\/strong><\/h2>\n\n\n\n<p><strong>Warum eine Anzeige bei uns? <\/strong><br><strong>Weil wir genau dort sichtbar sind wo sie Ihre Zielgruppe direkt erreichen <\/strong><br>Ein starkes Publikum aus Landwirtschaft, l\u00e4ndlichem Raum, regionaler Wirtschaft und Menschen mit Interesse an nachhaltigen und regionalen Themen.<br>Unsere aktuellen <a href=\"https:\/\/centralepaysanne.lu\/WordPress3\/wp-content\/uploads\/2026\/01\/FR-0.82-E-TARIFS-Letzebuerger-Bauer-2026-2.pdf\">Anzeigentarife <\/a>gelten seit dem 1. M\u00e4rz 2026. <br><\/p>\n\n\n\n<figure class=\"wp-block-image size-large is-resized\"><img loading=\"lazy\" decoding=\"async\" width=\"687\" height=\"1024\" src=\"https:\/\/centralepaysanne.lu\/WordPress3\/wp-content\/uploads\/2026\/01\/Tarifs-simple-2026-687x1024.jpg\" alt=\"\" class=\"wp-image-9664\" style=\"aspect-ratio:0.6708934157320515;width:399px;height:auto\" srcset=\"https:\/\/centralepaysanne.lu\/WordPress3\/wp-content\/uploads\/2026\/01\/Tarifs-simple-2026-687x1024.jpg 687w, https:\/\/centralepaysanne.lu\/WordPress3\/wp-content\/uploads\/2026\/01\/Tarifs-simple-2026-201x300.jpg 201w, https:\/\/centralepaysanne.lu\/WordPress3\/wp-content\/uploads\/2026\/01\/Tarifs-simple-2026-768x1146.jpg 768w, https:\/\/centralepaysanne.lu\/WordPress3\/wp-content\/uploads\/2026\/01\/Tarifs-simple-2026-322x480.jpg 322w, https:\/\/centralepaysanne.lu\/WordPress3\/wp-content\/uploads\/2026\/01\/Tarifs-simple-2026.jpg 893w\" sizes=\"auto, (max-width: 687px) 100vw, 687px\" \/><\/figure>\n\n\n\n<p>Unsere <a href=\"https:\/\/centralepaysanne.lu\/WordPress3\/wp-content\/uploads\/2026\/01\/FR-0.82-E-TARIFS-Letzebuerger-Bauer-2026-2.pdf\">Anzeigentarife <\/a>enthalten s\u00e4mtliche Informationen zu Anzeigenformaten, Preisen pro mm und Spalte, Zuschl\u00e4gen f\u00fcr Platzierungen, degressiven Tarifen bei Mehrfachschaltungen, Sonderformaten wie einem Banner sowie zu technischen Vorgaben und dem Druckunterlagenschluss.<\/p>\n\n\n\n<p>Bei Fragen oder individuellen Platzierungsw\u00fcnschen beraten wir Sie gerne: <strong><a href=\"mailto:annonces@agromedia.lu?subject=Annonces%20infos%20et%2Fou%20offre%20L%C3%ABtzebuerger%20Bauer\">annonces@agromedia.lu<\/a><\/strong><\/p>\n\n\n\n<p>&#x1f449; <a href=\"https:\/\/centralepaysanne.lu\/WordPress3\/wp-content\/uploads\/2026\/01\/FR-0.82-E-TARIFS-Letzebuerger-Bauer-2026-2.pdf\" data-type=\"link\" data-id=\"https:\/\/centralepaysanne.lu\/WordPress3\/wp-content\/uploads\/2026\/01\/FR-0.82-E-TARIFS-Letzebuerger-Bauer-2026-2.pdf\">Tarifs Version Fran\u00e7aise en format PDF<\/a><\/p>\n\n\n\n<p id=\"block-8e998d63-7700-4735-ae9a-4320bdaf8152\">&#x1f449; <a href=\"https:\/\/centralepaysanne.lu\/WordPress3\/wp-content\/uploads\/2026\/02\/TARIFS-Letzebuerger-Bauer-2026-DE-Version.pdf\">Werbetarife Deutsche Version im PDF-Format<\/a><\/p>\n\n\n\n<hr class=\"wp-block-separator has-alpha-channel-opacity\"\/>\n\n\n\n<p>Die Zeitung \u00ab L\u00ebtzebuerger Bauer \u00bb ist im Abonnement bei Agro-Media per E-Mail unter <a href=\"mailto:annonces@agromedia.lu?subject=Abonnement%20L%C3%ABtzebuerger%20Bauer\">annonces@agromedia.lu<\/a> erh\u00e4ltlich oder im freien Verkauf in einem der acht V-Shops des \u00ab Verband \u00bb landesweit verf\u00fcgbar.<\/p>\n\n\n\n<hr class=\"wp-block-separator has-alpha-channel-opacity\"\/>\n\n\n\n<h2 class=\"wp-block-heading\"><strong>De L\u00ebtzebuerger BAUEREKALENNER &#8211; erscheint einmal j\u00e4hrlich<\/strong><\/h2>\n\n\n\n<p>Mit politischen, fachlichen und kulturellen Beitr\u00e4gen \u00fcber und um die Landwirtschaft.<\/p>\n\n\n\n<figure class=\"wp-block-image size-large\"><img loading=\"lazy\" decoding=\"async\" width=\"1024\" height=\"771\" src=\"https:\/\/centralepaysanne.lu\/WordPress3\/wp-content\/uploads\/2025\/12\/Annonce-vum-Bauerekalenner-Verkaufstellen-275x207-1-1024x771.png\" alt=\"\" class=\"wp-image-9587\" srcset=\"https:\/\/centralepaysanne.lu\/WordPress3\/wp-content\/uploads\/2025\/12\/Annonce-vum-Bauerekalenner-Verkaufstellen-275x207-1-1024x771.png 1024w, https:\/\/centralepaysanne.lu\/WordPress3\/wp-content\/uploads\/2025\/12\/Annonce-vum-Bauerekalenner-Verkaufstellen-275x207-1-300x226.png 300w, https:\/\/centralepaysanne.lu\/WordPress3\/wp-content\/uploads\/2025\/12\/Annonce-vum-Bauerekalenner-Verkaufstellen-275x207-1-768x578.png 768w, https:\/\/centralepaysanne.lu\/WordPress3\/wp-content\/uploads\/2025\/12\/Annonce-vum-Bauerekalenner-Verkaufstellen-275x207-1-1536x1156.png 1536w, https:\/\/centralepaysanne.lu\/WordPress3\/wp-content\/uploads\/2025\/12\/Annonce-vum-Bauerekalenner-Verkaufstellen-275x207-1-360x270.png 360w, https:\/\/centralepaysanne.lu\/WordPress3\/wp-content\/uploads\/2025\/12\/Annonce-vum-Bauerekalenner-Verkaufstellen-275x207-1-80x60.png 80w, https:\/\/centralepaysanne.lu\/WordPress3\/wp-content\/uploads\/2025\/12\/Annonce-vum-Bauerekalenner-Verkaufstellen-275x207-1-638x480.png 638w, https:\/\/centralepaysanne.lu\/WordPress3\/wp-content\/uploads\/2025\/12\/Annonce-vum-Bauerekalenner-Verkaufstellen-275x207-1.png 2000w\" sizes=\"auto, (max-width: 1024px) 100vw, 1024px\" \/><\/figure>\n\n\n\n<p><strong><em>Herausgeber (seit 2022): Agro-Media S.\u00e0 r.l.<\/em><\/strong><\/p>\n","protected":false},"excerpt":{"rendered":"<p>&nbsp; L\u00cbTZEBUERGER BAUER &#x1f33e; die bekannte Wochenzeitung mit agrar- und berufspolitischen Informationen Kommentaren und Stellungnahmen Gastbeitr\u00e4ge bekannter Politiker und Experten Fachartikeln von Landwirtschaftskammer, LIST u.v.a.m. Technik, Pferde, Weinbau, &#8230; aber auch &#8230; Kreuzwortr\u00e4tsel, Sudoku und Comic-Strip Der \u00ab L\u00ebtzebuerger Bauer \u00bb ist eine Wochenzeitung (Erscheinungstag: Freitag), die seit \u00fcber 80 Jahren fest in der luxemburgischen Medienlandschaft verankert ist und von Agro-Media herausgegeben wird. Sie legt ihren Schwerpunkt auf Landwirtschaft, Gartenbau und Weinbau sowie auf das l\u00e4ndliche Leben im Allgemeinen. Laut der letzten TNS-Ilres-Studie (2021) erreicht [&hellip;]<\/p>\n","protected":false},"author":1,"featured_media":0,"parent":0,"menu_order":0,"comment_status":"closed","ping_status":"closed","template":"","meta":{"ngg_post_thumbnail":0,"footnotes":""},"class_list":["post-90","page","type-page","status-publish","hentry"],"jetpack_sharing_enabled":true,"jetpack_shortlink":"https:\/\/wp.me\/P2ls4K-1s","jetpack_likes_enabled":false,"publishpress_future_workflow_manual_trigger":{"enabledWorkflows":[]},"_links":{"self":[{"href":"https:\/\/centralepaysanne.lu\/WordPress3\/index.php?rest_route=\/wp\/v2\/pages\/90","targetHints":{"allow":["GET"]}}],"collection":[{"href":"https:\/\/centralepaysanne.lu\/WordPress3\/index.php?rest_route=\/wp\/v2\/pages"}],"about":[{"href":"https:\/\/centralepaysanne.lu\/WordPress3\/index.php?rest_route=\/wp\/v2\/types\/page"}],"author":[{"embeddable":true,"href":"https:\/\/centralepaysanne.lu\/WordPress3\/index.php?rest_route=\/wp\/v2\/users\/1"}],"replies":[{"embeddable":true,"href":"https:\/\/centralepaysanne.lu\/WordPress3\/index.php?rest_route=%2Fwp%2Fv2%2Fcomments&post=90"}],"version-history":[{"count":100,"href":"https:\/\/centralepaysanne.lu\/WordPress3\/index.php?rest_route=\/wp\/v2\/pages\/90\/revisions"}],"predecessor-version":[{"id":9808,"href":"https:\/\/centralepaysanne.lu\/WordPress3\/index.php?rest_route=\/wp\/v2\/pages\/90\/revisions\/9808"}],"wp:attachment":[{"href":"https:\/\/centralepaysanne.lu\/WordPress3\/index.php?rest_route=%2Fwp%2Fv2%2Fmedia&parent=90"}],"curies":[{"name":"wp","href":"https:\/\/api.w.org\/{rel}","templated":true}]}}