{"id":6350,"date":"2021-05-27T16:54:36","date_gmt":"2021-05-27T14:54:36","guid":{"rendered":"https:\/\/centralepaysanne.lu\/WordPress3\/?page_id=6350"},"modified":"2026-04-16T14:24:19","modified_gmt":"2026-04-16T12:24:19","slug":"kontakt","status":"publish","type":"page","link":"https:\/\/centralepaysanne.lu\/WordPress3\/?page_id=6350","title":{"rendered":"KONTAKT"},"content":{"rendered":"\n<p>Die Bauernzentrale erreichen Sie folgenderma\u00dfen:<\/p>\n\n\n\n<p>Centrale Paysanne Luxembourgeoise<br>44, rue de la Gare<br>L-7590 Mersch<br>(schr\u00e4g gegen\u00fcber dem Lyc\u00e9e Ermesinde beziehungsweise dem Lyc\u00e9e technique pour professions \u00e9ducatives et sociales in Mersch)<\/p>\n\n\n\n<figure class=\"wp-block-image size-large\"><img loading=\"lazy\" decoding=\"async\" width=\"1024\" height=\"758\" src=\"https:\/\/centralepaysanne.lu\/WordPress3\/wp-content\/uploads\/2021\/05\/Bauernzentrale-1024x758.jpg\" alt=\"\" class=\"wp-image-6357\" srcset=\"https:\/\/centralepaysanne.lu\/WordPress3\/wp-content\/uploads\/2021\/05\/Bauernzentrale-1024x758.jpg 1024w, https:\/\/centralepaysanne.lu\/WordPress3\/wp-content\/uploads\/2021\/05\/Bauernzentrale-300x222.jpg 300w, https:\/\/centralepaysanne.lu\/WordPress3\/wp-content\/uploads\/2021\/05\/Bauernzentrale-768x568.jpg 768w, https:\/\/centralepaysanne.lu\/WordPress3\/wp-content\/uploads\/2021\/05\/Bauernzentrale-1536x1137.jpg 1536w, https:\/\/centralepaysanne.lu\/WordPress3\/wp-content\/uploads\/2021\/05\/Bauernzentrale-2048x1516.jpg 2048w, https:\/\/centralepaysanne.lu\/WordPress3\/wp-content\/uploads\/2021\/05\/Bauernzentrale-80x60.jpg 80w\" sizes=\"auto, (max-width: 1024px) 100vw, 1024px\" \/><\/figure>\n\n\n\n<center><iframe loading=\"lazy\" src=\"https:\/\/www.google.com\/maps\/d\/u\/0\/embed?mid=119TGwGqkUORDsWq2Zv4u-VTH41g\" width=\"640\" height=\"480\"><\/iframe><\/center>\n\n\n\n<p>E-Mail-Adresse: <a href=\"mailto:secretariat@centralepaysanne.lu\">secretariat@centralepaysanne.lu<\/a><br>Telefon: +352 32 64 64 &#8211; 480<\/p>\n","protected":false},"excerpt":{"rendered":"<p>Die Bauernzentrale erreichen Sie folgenderma\u00dfen: Centrale Paysanne Luxembourgeoise44, rue de la GareL-7590 Mersch(schr\u00e4g gegen\u00fcber dem Lyc\u00e9e Ermesinde beziehungsweise dem Lyc\u00e9e technique pour professions \u00e9ducatives et sociales in Mersch) E-Mail-Adresse: secretariat@centralepaysanne.luTelefon: +352 32 64 64 &#8211; 480<\/p>\n","protected":false},"author":12,"featured_media":0,"parent":0,"menu_order":0,"comment_status":"closed","ping_status":"closed","template":"","meta":{"ngg_post_thumbnail":0,"footnotes":""},"class_list":["post-6350","page","type-page","status-publish","hentry"],"jetpack_sharing_enabled":true,"jetpack_shortlink":"https:\/\/wp.me\/P2ls4K-1Eq","jetpack_likes_enabled":false,"publishpress_future_workflow_manual_trigger":{"enabledWorkflows":[]},"_links":{"self":[{"href":"https:\/\/centralepaysanne.lu\/WordPress3\/index.php?rest_route=\/wp\/v2\/pages\/6350","targetHints":{"allow":["GET"]}}],"collection":[{"href":"https:\/\/centralepaysanne.lu\/WordPress3\/index.php?rest_route=\/wp\/v2\/pages"}],"about":[{"href":"https:\/\/centralepaysanne.lu\/WordPress3\/index.php?rest_route=\/wp\/v2\/types\/page"}],"author":[{"embeddable":true,"href":"https:\/\/centralepaysanne.lu\/WordPress3\/index.php?rest_route=\/wp\/v2\/users\/12"}],"replies":[{"embeddable":true,"href":"https:\/\/centralepaysanne.lu\/WordPress3\/index.php?rest_route=%2Fwp%2Fv2%2Fcomments&post=6350"}],"version-history":[{"count":14,"href":"https:\/\/centralepaysanne.lu\/WordPress3\/index.php?rest_route=\/wp\/v2\/pages\/6350\/revisions"}],"predecessor-version":[{"id":9849,"href":"https:\/\/centralepaysanne.lu\/WordPress3\/index.php?rest_route=\/wp\/v2\/pages\/6350\/revisions\/9849"}],"wp:attachment":[{"href":"https:\/\/centralepaysanne.lu\/WordPress3\/index.php?rest_route=%2Fwp%2Fv2%2Fmedia&parent=6350"}],"curies":[{"name":"wp","href":"https:\/\/api.w.org\/{rel}","templated":true}]}}