{"id":415,"date":"2012-03-29T14:33:14","date_gmt":"2012-03-29T12:33:14","guid":{"rendered":"http:\/\/cepal.lu\/WordPress3\/?page_id=415"},"modified":"2012-04-02T12:03:40","modified_gmt":"2012-04-02T10:03:40","slug":"links","status":"publish","type":"page","link":"https:\/\/centralepaysanne.lu\/WordPress3\/?page_id=415","title":{"rendered":"Links"},"content":{"rendered":"<!-- Beginning of Link Library Output --><div id='linklist1' class='linklist'><!-- Div Linklist -->\n<div class=\"LinkLibraryCat LinkLibraryCat383 level0\"><!-- Div Category --><div id=\"landwirtschaftliche-organisationen\"><!-- Div Category Name --><div class=\"linklistcatname\"><!-- Div Cat Name --><span class=\"linklistcatclass\">landwirtschaftliche Organisationen<\/span><\/div><!-- DivOrHeader --><\/div><!-- Div Category Name -->\n\t<ul>\n<li><a href=\"http:\/\/www.convis.lu\" id=\"link-5408\" class=\"track_this_link \" rel=\"noopener noreferrer\" target=\"_blank\">Convis<\/a><\/li>\n<li><a href=\"https:\/\/www.de-verband.lu\/\" id=\"link-5403\" class=\"track_this_link \" rel=\"noopener noreferrer\" target=\"_blank\">De Verband<\/a><\/li>\n<li><a href=\"http:\/\/www.de-verband.com\" id=\"link-5411\" class=\"track_this_link \" rel=\"noopener noreferrer\" target=\"_blank\">De Verband Group<\/a><\/li>\n<li><a href=\"http:\/\/www.vinsmoselle.lu\" id=\"link-5405\" class=\"track_this_link \" rel=\"noopener noreferrer\" target=\"_blank\">Domaines Vinsmoselle<\/a><\/li>\n<li><a href=\"http:\/\/www.synplants.lu\" id=\"link-5406\" class=\"track_this_link \" rel=\"noopener noreferrer\" target=\"_blank\">E&#039;slecker Setzgromperegenossenschaft<\/a><\/li>\n<li><a href=\"http:\/\/www.lsg.lu\/\" id=\"link-5404\" class=\"track_this_link \" rel=\"noopener noreferrer\" target=\"_blank\">LSG<\/a><\/li>\n<li><a href=\"http:\/\/www.luxlait.lu\" id=\"link-5390\" class=\"track_this_link \" rel=\"noopener noreferrer\" target=\"_blank\">Luxlait<\/a><\/li>\n<li><a href=\"https:\/\/www.spiritsofluxembourg.lu\" id=\"link-8116\" class=\"track_this_link \" rel=\"noopener noreferrer\">UNDAL<\/a><\/li>\n\t<\/ul>\n<\/div><!-- Div End Category -->\n<div class=\"LinkLibraryCat LinkLibraryCat382 level0\"><!-- Div Category --><div id=\"nuetzliche-adressen\"><!-- Div Category Name --><div class=\"linklistcatname\"><!-- Div Cat Name --><span class=\"linklistcatclass\">n\u00fctzliche Adressen<\/span><\/div><!-- DivOrHeader --><\/div><!-- Div Category Name -->\n\t<ul>\n<li><a href=\"http:\/\/www.meteolux.lu\" id=\"link-5402\" class=\"track_this_link \" rel=\"noopener noreferrer\" target=\"_blank\">Administration de la navigation a\u00e9rienne de Luxembourg<\/a><\/li>\n<li><a href=\"http:\/\/www.asta.etat.lu\/\" id=\"link-5392\" class=\"track_this_link \" rel=\"noopener noreferrer\" target=\"_blank\">Administration des Services techniques de l&#039;Agriculture<\/a><\/li>\n<li><a href=\"http:\/\/www.cnap.lu\/\" id=\"link-5399\" class=\"track_this_link \" rel=\"noopener noreferrer\" target=\"_blank\">Caisse Nationale d&#039;Assurance Pension<\/a><\/li>\n<li><a href=\"http:\/\/www.cns.lu\/\" id=\"link-5398\" class=\"track_this_link \" rel=\"noopener noreferrer\" target=\"_blank\">Caisse Nationale de Sant\u00e9<\/a><\/li>\n<li><a href=\"http:\/\/www.ccss.lu\/\" id=\"link-5397\" class=\"track_this_link \" rel=\"noopener noreferrer\" target=\"_blank\">Centre commun de la s\u00e9curit\u00e9 sociale<\/a><\/li>\n<li><a href=\"http:\/\/www.guichet.lu\" id=\"link-5400\" class=\"track_this_link \" rel=\"noopener noreferrer\" target=\"_blank\">Guichet.lu<\/a><\/li>\n<li><a href=\"http:\/\/www.ivv.public.lu\/\" id=\"link-5395\" class=\"track_this_link \" rel=\"noopener noreferrer\" target=\"_top\">Institut Viti-Vinicole<\/a><\/li>\n<li><a href=\"http:\/\/www.lwk.lu\" id=\"link-5396\" class=\"track_this_link \" rel=\"noopener noreferrer\" target=\"_blank\">Landwirtschaftskammer<\/a><\/li>\n<li><a href=\"http:\/\/www.legilux.public.lu\/\" id=\"link-5401\" class=\"track_this_link \" rel=\"noopener noreferrer\" target=\"_blank\">Legilux &#8211; portail juridique<\/a><\/li>\n<li><a href=\"http:\/\/www.lta.lu\/\" id=\"link-5412\" class=\"track_this_link \" rel=\"noopener noreferrer\" target=\"_blank\">Lyc\u00e9e Technique Agricole Ettelbruck<\/a><\/li>\n<li><a href=\"http:\/\/www.eaux-de-vie.lu\" id=\"link-5407\" class=\"track_this_link \" rel=\"noopener noreferrer\" target=\"_blank\">Marque Nationale des Eaux-de-vie<\/a><\/li>\n<li><a href=\"http:\/\/www.ma.public.lu\/\" id=\"link-5391\" class=\"track_this_link \" rel=\"noopener noreferrer\" target=\"_blank\">Minist\u00e8re de l&#8217;Agriculture, de la Viticulture et du d\u00e9veloppement rural<\/a><\/li>\n<li><a href=\"http:\/\/www.onr.etat.lu\/\" id=\"link-5393\" class=\"track_this_link \" rel=\"noopener noreferrer\" target=\"_blank\">Office National du Remembrement<\/a><\/li>\n<li><a href=\"http:\/\/www.ser.public.lu\/\" id=\"link-5394\" class=\"track_this_link \" rel=\"noopener noreferrer\" target=\"_blank\">Service d&#039;\u00e9conomie rurale<\/a><\/li>\n\t<\/ul>\n<\/div><!-- Div End Category -->\n<div class=\"LinkLibraryCat LinkLibraryCat384 level0\"><!-- Div Category --><div id=\"web-ressourcen\"><!-- Div Category Name --><div class=\"linklistcatname\"><!-- Div Cat Name --><span class=\"linklistcatclass\">Web Ressourcen<\/span><\/div><!-- DivOrHeader --><\/div><!-- Div Category Name -->\n\t<ul>\n<li><a href=\"http:\/\/www.wordpress.org\/\" id=\"link-5410\" class=\"track_this_link \" rel=\"noopener noreferrer\" target=\"_blank\">WordPress<\/a><\/li>\n\t<\/ul>\n<\/div><!-- Div End Category -->\n<script type='text\/javascript'>\njQuery(document).ready(function()\n{\njQuery('.arrow-up').hide();\njQuery('#linklist1 a.track_this_link').click(function() {\nlinkid = this.id;\nlinkid = linkid.substring(5);\npath = '';\njQuery.ajax( {    type: 'POST',    url: 'https:\/\/centralepaysanne.lu\/WordPress3\/wp-admin\/admin-ajax.php',     data: { action: 'link_library_tracker',             _ajax_nonce: '035d8ea340',             id:linkid, xpath:path }     });\nreturn true;\n});\njQuery('#linklist1 .expandlinks').click(function() {\ntarget = '.' + jQuery(this).attr('id');\nsubcattarget = '.' + jQuery(this).attr('data-subcat');\nif ( jQuery( target ).is(':visible') ) {\njQuery(target).slideUp();\njQuery(subcattarget).slideToggle();\njQuery(this).children('img').attr('src', 'https:\/\/centralepaysanne.lu\/WordPress3\/wp-content\/plugins\/link-library\/icons\/expand-32.png');\n} else {\njQuery(target).slideDown();\njQuery(subcattarget).slideToggle();\njQuery(this).children('img').attr('src', 'https:\/\/centralepaysanne.lu\/WordPress3\/wp-content\/plugins\/link-library\/icons\/collapse-32.png');\n}\n});\njQuery('#linklist1 .linklistcatclass').click(function() {\njQuery(this).siblings('.expandlinks').click();\n});\njQuery('#linklist1 .linklistcatnamedesc').click(function() {\njQuery(this).siblings('.expandlinks').click();\n});\n});\n<\/script>\n<\/div><!-- Div Linklist -->\n<!-- End of Link Library Output -->\n\n\n<address><em>Unsere Seiten enthalten Links auf externe Webseiten Dritter. Auf die Inhalte dieser verlinkten Webseiten haben wir keinen Einfluss. F\u00fcr die Richtigkeit der Inhalte ist immer der jeweilige Anbieter oder Betreiber verantwortlich, weshalb wir diesbez\u00fcglich keinerlei Gew\u00e4hr \u00fcbernehmen.<\/em><\/address>\n<hr style=\"width: 500px;\" width=\"500\" \/>\n<p><span style=\"text-align: left;\"><form enctype=\"multipart\/form-data\" method=\"post\" id=\"lladdlink\" action=\"\"><input type=\"hidden\" name=\"MAX_FILE_SIZE\" value=\"134217728\" \/><input type=\"hidden\" id=\"_wpnonce\" name=\"_wpnonce\" value=\"24f2a63457\" \/><input type=\"hidden\" name=\"_wp_http_referer\" value=\"\/WordPress3\/index.php?rest_route=%2Fwp%2Fv2%2Fpages%2F415\" \/><input type=\"hidden\" name=\"thankyouurl\" value=\"\" \/><input type=\"hidden\" name=\"link_library_user_link_submission\" value=\"1\" \/><input type=\"hidden\" name=\"settingsid\" value=\"1\" \/><input type=\"hidden\" name=\"xpath\" value=\"\" \/><div class='lladdlink'>\n<div id=\"lladdlinktitle\">Add new link<\/div>\n<table>\n<tr><th><label for=\"link_name\">Link name<\/label><\/th><td ><input data-validation=\"required length\" data-validation-length=\"max1024\" data-validation-error-msg-required=\"Erforderliches Feld\" type=\"text\" name=\"link_name\" id=\"link_name\" value=\"\" \/><\/td><\/tr>\n<tr><th><label for=\"link_url\">Link address<\/label><\/th><td ><input data-validation=\"required url length\" data-validation-length=\"max1024\" data-validation-error-msg-required=\"Pflichtfeld, URL\" type=\"text\" name=\"link_url\" id=\"link_url\" value=\"https:\/\/\" \/><\/td><\/tr>\n<input type=\"hidden\" name=\"link_category[]\" id=\"link_category\" value=\"381\"><\/table>\n<span style=\"border:0;\" class=\"LLUserLinkSubmit\"><input type=\"submit\" name=\"submit\" value=\"Add Link\" \/><\/span><\/div>\n<\/form>\n\n<script type='text\/javascript'>\n\tjQuery( document ).ready( function() {\njQuery('.lltooltip').each(function () {\n\tjQuery(this).tipTip();\n});\n\tvar LinkLibraryValidationLanguage = {\n\t\terrorTitle: 'Formular\u00fcbermittlung fehlgeschlagen!',\n\t\trequiredFields: 'Du hast nicht alle Pflichtfelder ausgef\u00fcllt.',\n\t\tbadTime: 'Du hast keine g\u00fcltige Zeit angegeben',\n\t\tbadEmail: 'Du hast keine g\u00fcltige Email Adresse angegeben',\n\t\tbadTelephone: 'Du hast keine g\u00fcltige Telefonnummer angegeben',\n\t\tbadSecurityAnswer: 'Die Sicherheitsabfrage wurde nicht richtig beantwortet',\n\t\tbadDate: 'Du hast kein g\u00fcltiges Datum eingegeben',\n\t\tlengthBadStart: 'Der Eingangswert muss zwischen ',\n\t\tlengthBadEnd: 'Zeichen',\n\t\tlengthTooLongStart: 'Der eingegebene Wert ist l\u00e4nger als ',\n\t\tlengthTooShortStart: 'Der eingegebene Wert ist k\u00fcrzer als ',\n\t\tnotConfirmed: 'Die eingebenen Werte konnten nicht best\u00e4tigt werden',\n\t\tbadDomain: 'Ung\u00fcltige Angabe f\u00fcr Domain',\n\t\tbadUrl: 'Der Eingabewert ist keine korrekte URL. Erfordert http:\/\/ oder https:\/\/.',\n\t\tbadCustomVal: 'Der eigegebene Wert ist nicht korrekt',\n\t\tandSpaces: ' und Leerzeichen ',\n\t\tbadInt: 'Der eingegebene Wert war keine g\u00fcltige Nummer',\n\t\tbadSecurityNumber: 'Deine Sozialversicherungsnummer war falsch',\n\t\tbadUKVatAnswer: 'Falsche britische Umsatzsteuer-Identifikationsnummer',\n\t\tbadStrength: 'Das Passwort ist nicht stark genug',\n\t\tbadNumberOfSelectedOptionsStart: 'W\u00e4hle mindestens ',\n\t\tbadNumberOfSelectedOptionsEnd: 'Antworten',\n\t\tbadAlphaNumeric: 'F\u00fcr die Eingabe sind nur alphanumerische Zeichen erlaubt ',\n\t\tbadAlphaNumericExtra: ' und ',\n\t\twrongFileSize: 'Die Datei ist zu gro\u00df zum Hochladen (max %s)',\n\t\twrongFileType: 'Nur Dateien vom Typ %s sind erlaubt',\n\t\tgroupCheckedRangeStart: 'Bitte w\u00e4hle zwischen ',\n\t\tgroupCheckedTooFewStart: 'Bitte w\u00e4hle mindestens ',\n\t\tgroupCheckedTooManyStart: 'Bitte w\u00e4hle h\u00f6chstens ',\n\t\tgroupCheckedEnd: ' Foto(s)',\n\t\tbadCreditCard: 'Die Kreditkartennummer ist falsch',\n\t\tbadCVV: 'Die CVV-Nummer war nicht korrekt',\n\t\twrongFileDim : 'Falsche Bildma\u00dfe,',\n\t\timageTooTall : 'das Bild darf nicht h\u00f6her sein als',\n\t\timageTooWide : 'das Bild darf nicht breiter sein als',\n\t\timageTooSmall : 'das Bild war zu klein',\n\t\tmin : 'min',\n\t\tmax : 'max',\n\t\timageRatioNotAccepted : 'Das Bildverh\u00e4ltnis wird nicht akzeptiert'\n\t};\n\t\tjQuery.validate({\n\t\t\tmodules : 'location, date, security, file',\n\t\t\tlanguage : LinkLibraryValidationLanguage,\n\t\t});\n\t\tjQuery('#link_category').change(function() {\n\t\tvar cat_data = jQuery('#link_category').val();\n\t\t\tif ( Array.isArray( cat_data ) ) {\n\t\t\t\tif ( cat_data.indexOf('new') != -1 ) {\n\t\t\t\t\tjQuery('.customcatrow').show();\n\t\t\t\t} else {\n\t\t\t\t\tjQuery('.customcatrow').hide();\n\t\t\t\t};\n\t\t\t} else {\n\t\t\t\tif ( jQuery('#link_category').val() == 'new' ) {\n\t\t\t\t\tjQuery('.customcatrow').show();\n\t\t\t\t} else {\n\t\t\t\t\tjQuery('.customcatrow').hide();\n\t\t\t\t};\n\t\t\t};\n\t\t});\n\t\tjQuery('#link_tags').change(function() {\n\t\tvar tag_data = jQuery('#link_tags').val();\n\t\t\tif ( Array.isArray( tag_data ) ) {\n\t\t\t\tif ( tag_data.indexOf('new') != -1 ) {\n\t\t\t\t\tjQuery('.customtagrow').show();\n\t\t\t\t} else {\n\t\t\t\t\tjQuery('.customtagrow').hide();\n\t\t\t\t};\n\t\t\t};\n\t\t});\n\t});\n<\/script>\n<\/span><\/p>\n","protected":false},"excerpt":{"rendered":"<p>Unsere Seiten enthalten Links auf externe Webseiten Dritter. Auf die Inhalte dieser verlinkten Webseiten haben wir keinen Einfluss. F\u00fcr die Richtigkeit der Inhalte ist immer der jeweilige Anbieter oder Betreiber verantwortlich, weshalb wir diesbez\u00fcglich keinerlei Gew\u00e4hr \u00fcbernehmen.<\/p>\n","protected":false},"author":1,"featured_media":0,"parent":0,"menu_order":0,"comment_status":"closed","ping_status":"open","template":"","meta":{"ngg_post_thumbnail":0,"footnotes":""},"class_list":["post-415","page","type-page","status-publish","hentry"],"jetpack_sharing_enabled":true,"jetpack_shortlink":"https:\/\/wp.me\/P2ls4K-6H","jetpack_likes_enabled":false,"publishpress_future_workflow_manual_trigger":{"enabledWorkflows":[]},"_links":{"self":[{"href":"https:\/\/centralepaysanne.lu\/WordPress3\/index.php?rest_route=\/wp\/v2\/pages\/415","targetHints":{"allow":["GET"]}}],"collection":[{"href":"https:\/\/centralepaysanne.lu\/WordPress3\/index.php?rest_route=\/wp\/v2\/pages"}],"about":[{"href":"https:\/\/centralepaysanne.lu\/WordPress3\/index.php?rest_route=\/wp\/v2\/types\/page"}],"author":[{"embeddable":true,"href":"https:\/\/centralepaysanne.lu\/WordPress3\/index.php?rest_route=\/wp\/v2\/users\/1"}],"replies":[{"embeddable":true,"href":"https:\/\/centralepaysanne.lu\/WordPress3\/index.php?rest_route=%2Fwp%2Fv2%2Fcomments&post=415"}],"version-history":[{"count":9,"href":"https:\/\/centralepaysanne.lu\/WordPress3\/index.php?rest_route=\/wp\/v2\/pages\/415\/revisions"}],"predecessor-version":[{"id":562,"href":"https:\/\/centralepaysanne.lu\/WordPress3\/index.php?rest_route=\/wp\/v2\/pages\/415\/revisions\/562"}],"wp:attachment":[{"href":"https:\/\/centralepaysanne.lu\/WordPress3\/index.php?rest_route=%2Fwp%2Fv2%2Fmedia&parent=415"}],"curies":[{"name":"wp","href":"https:\/\/api.w.org\/{rel}","templated":true}]}}