{"id":19,"date":"2012-03-16T14:03:28","date_gmt":"2012-03-16T13:03:28","guid":{"rendered":"http:\/\/cepal.lu\/WordPress3\/?page_id=19"},"modified":"2020-04-02T11:40:29","modified_gmt":"2020-04-02T09:40:29","slug":"unsere-dienstleistungen","status":"publish","type":"page","link":"https:\/\/centralepaysanne.lu\/WordPress3\/?page_id=19","title":{"rendered":"Dienstleistungen"},"content":{"rendered":"\n<p class=\"has-text-align-center\">Fir all \u00c4r Fro\u00ebn, ee Kontakt: <strong>32 64 64 \u2013 480<\/strong><br>oder Email: <a href=\"mailto:secretariat@centralepaysanne.lu\">secretariat@centralepaysanne.lu<\/a><br>B.P. 48 L-7590 Mersch<\/p>\n\n\n\n<p><strong><u>juristische <\/u><\/strong><strong><u>Beratung<\/u><\/strong><\/p>\n\n\n\n<ul class=\"wp-block-list\"><li>zu allgemeinen Fragen<\/li><li>bei der Installierung<\/li><li>der Betriebs\u00fcbernahme<\/li><li>zum Pachtgesetz<\/li><\/ul>\n\n\n\n<p><strong><u>a<\/u><\/strong><strong><u>llgemeine Informationen<\/u><\/strong><\/p>\n\n\n\n<ul class=\"wp-block-list\"><li>zu agrarpolitischen Ma\u00dfnahmen<\/li><li>zu Fragen der Sozialversicherung<\/li><\/ul>\n\n\n\n<p><strong><u>landwirtschaftliche <\/u><\/strong><strong><u>Buchf\u00fchrung<\/u><\/strong><\/p>\n\n\n\n<ul class=\"wp-block-list\"><li>Investitionsberatung<\/li><li>Beratung bei der Installierung und Erstellen des BEK<\/li><li>\u00f6konomische Buchf\u00fchrung und Beratung<\/li><li>steuerliche Buchf\u00fchrung und Beratung<\/li><li>Steuererkl\u00e4rung<\/li><li>Steuerberatung bei Solaranlagen<\/li><li>TVA-Erkl\u00e4rung \/ eTVA \/ VAT Refund<\/li><li>Beratung in bezug auf Direktzahlungen, Ausgleichszahlungen und Umweltma\u00dfnahmen<\/li><li>Lohnberechnung f\u00fcr landwirtschaftliche Arbeiter<\/li><li>Andere Formalit\u00e4ten wie Lohnsteuerkarte, An- und Abmeldung , Lohnlisten, Krankengeld, Seculine<\/li><\/ul>\n","protected":false},"excerpt":{"rendered":"<p>Fir all \u00c4r Fro\u00ebn, ee Kontakt: 32 64 64 \u2013 480oder Email: secretariat@centralepaysanne.luB.P. 48 L-7590 Mersch juristische Beratung zu allgemeinen Fragen bei der Installierung der Betriebs\u00fcbernahme zum Pachtgesetz allgemeine Informationen zu agrarpolitischen Ma\u00dfnahmen zu Fragen der Sozialversicherung landwirtschaftliche Buchf\u00fchrung Investitionsberatung Beratung bei der Installierung und Erstellen des BEK \u00f6konomische Buchf\u00fchrung und Beratung steuerliche Buchf\u00fchrung und Beratung Steuererkl\u00e4rung Steuerberatung bei Solaranlagen TVA-Erkl\u00e4rung \/ eTVA \/ VAT Refund Beratung in bezug auf Direktzahlungen, Ausgleichszahlungen und Umweltma\u00dfnahmen Lohnberechnung f\u00fcr landwirtschaftliche Arbeiter Andere Formalit\u00e4ten wie Lohnsteuerkarte, An- und Abmeldung [&hellip;]<\/p>\n","protected":false},"author":1,"featured_media":0,"parent":0,"menu_order":5,"comment_status":"closed","ping_status":"closed","template":"","meta":{"ngg_post_thumbnail":0,"footnotes":""},"class_list":["post-19","page","type-page","status-publish","hentry"],"jetpack_sharing_enabled":true,"jetpack_shortlink":"https:\/\/wp.me\/P2ls4K-j","jetpack_likes_enabled":false,"publishpress_future_workflow_manual_trigger":{"enabledWorkflows":[]},"_links":{"self":[{"href":"https:\/\/centralepaysanne.lu\/WordPress3\/index.php?rest_route=\/wp\/v2\/pages\/19","targetHints":{"allow":["GET"]}}],"collection":[{"href":"https:\/\/centralepaysanne.lu\/WordPress3\/index.php?rest_route=\/wp\/v2\/pages"}],"about":[{"href":"https:\/\/centralepaysanne.lu\/WordPress3\/index.php?rest_route=\/wp\/v2\/types\/page"}],"author":[{"embeddable":true,"href":"https:\/\/centralepaysanne.lu\/WordPress3\/index.php?rest_route=\/wp\/v2\/users\/1"}],"replies":[{"embeddable":true,"href":"https:\/\/centralepaysanne.lu\/WordPress3\/index.php?rest_route=%2Fwp%2Fv2%2Fcomments&post=19"}],"version-history":[{"count":14,"href":"https:\/\/centralepaysanne.lu\/WordPress3\/index.php?rest_route=\/wp\/v2\/pages\/19\/revisions"}],"predecessor-version":[{"id":5733,"href":"https:\/\/centralepaysanne.lu\/WordPress3\/index.php?rest_route=\/wp\/v2\/pages\/19\/revisions\/5733"}],"wp:attachment":[{"href":"https:\/\/centralepaysanne.lu\/WordPress3\/index.php?rest_route=%2Fwp%2Fv2%2Fmedia&parent=19"}],"curies":[{"name":"wp","href":"https:\/\/api.w.org\/{rel}","templated":true}]}}